{"id":7211,"date":"2022-12-26T17:41:31","date_gmt":"2022-12-26T16:41:31","guid":{"rendered":"https:\/\/ella-products.be\/index.php\/produit\/table-refrigeree-positive-serie-u-polar-3-portes\/"},"modified":"2023-02-16T21:02:35","modified_gmt":"2023-02-16T20:02:35","slug":"table-refrigeree-positive-serie-u-polar-3-portes","status":"publish","type":"product","link":"https:\/\/ella-products.be\/index.php\/produit\/table-refrigeree-positive-serie-u-polar-3-portes\/","title":{"rendered":"Table r\u00e9frig\u00e9r\u00e9e positive S\u00e9rie U Polar 3 portes"},"content":{"rendered":"","protected":false},"excerpt":{"rendered":"","protected":false},"featured_media":5756,"template":"","meta":[],"etheme_brands":[],"product_cat":[153],"product_tag":[],"class_list":["post-7211","product","type-product","status-publish","has-post-thumbnail","hentry","product_cat-materiel-horeca"],"_links":{"self":[{"href":"https:\/\/ella-products.be\/index.php\/wp-json\/wp\/v2\/product\/7211","targetHints":{"allow":["GET"]}}],"collection":[{"href":"https:\/\/ella-products.be\/index.php\/wp-json\/wp\/v2\/product"}],"about":[{"href":"https:\/\/ella-products.be\/index.php\/wp-json\/wp\/v2\/types\/product"}],"version-history":[{"count":1,"href":"https:\/\/ella-products.be\/index.php\/wp-json\/wp\/v2\/product\/7211\/revisions"}],"predecessor-version":[{"id":8667,"href":"https:\/\/ella-products.be\/index.php\/wp-json\/wp\/v2\/product\/7211\/revisions\/8667"}],"wp:featuredmedia":[{"embeddable":true,"href":"https:\/\/ella-products.be\/index.php\/wp-json\/wp\/v2\/media\/5756"}],"wp:attachment":[{"href":"https:\/\/ella-products.be\/index.php\/wp-json\/wp\/v2\/media?parent=7211"}],"wp:term":[{"taxonomy":"brand","embeddable":true,"href":"https:\/\/ella-products.be\/index.php\/wp-json\/wp\/v2\/etheme_brands?post=7211"},{"taxonomy":"product_cat","embeddable":true,"href":"https:\/\/ella-products.be\/index.php\/wp-json\/wp\/v2\/product_cat?post=7211"},{"taxonomy":"product_tag","embeddable":true,"href":"https:\/\/ella-products.be\/index.php\/wp-json\/wp\/v2\/product_tag?post=7211"}],"curies":[{"name":"wp","href":"https:\/\/api.w.org\/{rel}","templated":true}]}}