{"id":7110,"date":"2022-12-26T17:40:58","date_gmt":"2022-12-26T16:40:58","guid":{"rendered":"https:\/\/ella-products.be\/index.php\/produit\/bruleur-modele-a-visser-vogue\/"},"modified":"2023-03-05T14:11:08","modified_gmt":"2023-03-05T13:11:08","slug":"bruleur-modele-a-visser-vogue","status":"publish","type":"product","link":"https:\/\/ella-products.be\/index.php\/produit\/bruleur-modele-a-visser-vogue\/","title":{"rendered":"Br\u00fbleur mod\u00e8le \u00e0 visser VOGUE"},"content":{"rendered":"","protected":false},"excerpt":{"rendered":"","protected":false},"featured_media":9490,"template":"","meta":[],"etheme_brands":[],"product_cat":[153],"product_tag":[],"class_list":["post-7110","product","type-product","status-publish","has-post-thumbnail","hentry","product_cat-materiel-horeca"],"_links":{"self":[{"href":"https:\/\/ella-products.be\/index.php\/wp-json\/wp\/v2\/product\/7110","targetHints":{"allow":["GET"]}}],"collection":[{"href":"https:\/\/ella-products.be\/index.php\/wp-json\/wp\/v2\/product"}],"about":[{"href":"https:\/\/ella-products.be\/index.php\/wp-json\/wp\/v2\/types\/product"}],"version-history":[{"count":1,"href":"https:\/\/ella-products.be\/index.php\/wp-json\/wp\/v2\/product\/7110\/revisions"}],"predecessor-version":[{"id":8576,"href":"https:\/\/ella-products.be\/index.php\/wp-json\/wp\/v2\/product\/7110\/revisions\/8576"}],"wp:featuredmedia":[{"embeddable":true,"href":"https:\/\/ella-products.be\/index.php\/wp-json\/wp\/v2\/media\/9490"}],"wp:attachment":[{"href":"https:\/\/ella-products.be\/index.php\/wp-json\/wp\/v2\/media?parent=7110"}],"wp:term":[{"taxonomy":"brand","embeddable":true,"href":"https:\/\/ella-products.be\/index.php\/wp-json\/wp\/v2\/etheme_brands?post=7110"},{"taxonomy":"product_cat","embeddable":true,"href":"https:\/\/ella-products.be\/index.php\/wp-json\/wp\/v2\/product_cat?post=7110"},{"taxonomy":"product_tag","embeddable":true,"href":"https:\/\/ella-products.be\/index.php\/wp-json\/wp\/v2\/product_tag?post=7110"}],"curies":[{"name":"wp","href":"https:\/\/api.w.org\/{rel}","templated":true}]}}