{"id":7054,"date":"2022-12-26T17:40:37","date_gmt":"2022-12-26T16:40:37","guid":{"rendered":"https:\/\/ella-products.be\/index.php\/produit\/planche-a-decouper-basse-densite-hygiplas-rouge\/"},"modified":"2023-03-05T14:40:46","modified_gmt":"2023-03-05T13:40:46","slug":"planche-a-decouper-basse-densite-hygiplas-rouge","status":"publish","type":"product","link":"https:\/\/ella-products.be\/index.php\/produit\/planche-a-decouper-basse-densite-hygiplas-rouge\/","title":{"rendered":"Planche \u00e0 d\u00e9couper basse densit\u00e9 Hygiplas rouge"},"content":{"rendered":"","protected":false},"excerpt":{"rendered":"","protected":false},"featured_media":9541,"template":"","meta":[],"etheme_brands":[],"product_cat":[153],"product_tag":[],"class_list":["post-7054","product","type-product","status-publish","has-post-thumbnail","hentry","product_cat-materiel-horeca"],"_links":{"self":[{"href":"https:\/\/ella-products.be\/index.php\/wp-json\/wp\/v2\/product\/7054","targetHints":{"allow":["GET"]}}],"collection":[{"href":"https:\/\/ella-products.be\/index.php\/wp-json\/wp\/v2\/product"}],"about":[{"href":"https:\/\/ella-products.be\/index.php\/wp-json\/wp\/v2\/types\/product"}],"version-history":[{"count":1,"href":"https:\/\/ella-products.be\/index.php\/wp-json\/wp\/v2\/product\/7054\/revisions"}],"predecessor-version":[{"id":9101,"href":"https:\/\/ella-products.be\/index.php\/wp-json\/wp\/v2\/product\/7054\/revisions\/9101"}],"wp:featuredmedia":[{"embeddable":true,"href":"https:\/\/ella-products.be\/index.php\/wp-json\/wp\/v2\/media\/9541"}],"wp:attachment":[{"href":"https:\/\/ella-products.be\/index.php\/wp-json\/wp\/v2\/media?parent=7054"}],"wp:term":[{"taxonomy":"brand","embeddable":true,"href":"https:\/\/ella-products.be\/index.php\/wp-json\/wp\/v2\/etheme_brands?post=7054"},{"taxonomy":"product_cat","embeddable":true,"href":"https:\/\/ella-products.be\/index.php\/wp-json\/wp\/v2\/product_cat?post=7054"},{"taxonomy":"product_tag","embeddable":true,"href":"https:\/\/ella-products.be\/index.php\/wp-json\/wp\/v2\/product_tag?post=7054"}],"curies":[{"name":"wp","href":"https:\/\/api.w.org\/{rel}","templated":true}]}}