{"id":7039,"date":"2022-12-26T17:40:33","date_gmt":"2022-12-26T16:40:33","guid":{"rendered":"https:\/\/ella-products.be\/index.php\/produit\/petite-planche-a-decouper-haute-densite-hygiplas-blanche-229305-12mm\/"},"modified":"2023-03-05T14:45:19","modified_gmt":"2023-03-05T13:45:19","slug":"petite-planche-a-decouper-haute-densite-hygiplas-blanche-229305-12mm","status":"publish","type":"product","link":"https:\/\/ella-products.be\/index.php\/produit\/petite-planche-a-decouper-haute-densite-hygiplas-blanche-229305-12mm\/","title":{"rendered":"Petite planche \u00e0 d\u00e9couper haute densit\u00e9 Hygiplas blanche 229*305  12mm"},"content":{"rendered":"","protected":false},"excerpt":{"rendered":"","protected":false},"featured_media":9539,"template":"","meta":[],"etheme_brands":[],"product_cat":[153],"product_tag":[],"class_list":["post-7039","product","type-product","status-publish","has-post-thumbnail","hentry","product_cat-materiel-horeca"],"_links":{"self":[{"href":"https:\/\/ella-products.be\/index.php\/wp-json\/wp\/v2\/product\/7039","targetHints":{"allow":["GET"]}}],"collection":[{"href":"https:\/\/ella-products.be\/index.php\/wp-json\/wp\/v2\/product"}],"about":[{"href":"https:\/\/ella-products.be\/index.php\/wp-json\/wp\/v2\/types\/product"}],"version-history":[{"count":1,"href":"https:\/\/ella-products.be\/index.php\/wp-json\/wp\/v2\/product\/7039\/revisions"}],"predecessor-version":[{"id":8830,"href":"https:\/\/ella-products.be\/index.php\/wp-json\/wp\/v2\/product\/7039\/revisions\/8830"}],"wp:featuredmedia":[{"embeddable":true,"href":"https:\/\/ella-products.be\/index.php\/wp-json\/wp\/v2\/media\/9539"}],"wp:attachment":[{"href":"https:\/\/ella-products.be\/index.php\/wp-json\/wp\/v2\/media?parent=7039"}],"wp:term":[{"taxonomy":"brand","embeddable":true,"href":"https:\/\/ella-products.be\/index.php\/wp-json\/wp\/v2\/etheme_brands?post=7039"},{"taxonomy":"product_cat","embeddable":true,"href":"https:\/\/ella-products.be\/index.php\/wp-json\/wp\/v2\/product_cat?post=7039"},{"taxonomy":"product_tag","embeddable":true,"href":"https:\/\/ella-products.be\/index.php\/wp-json\/wp\/v2\/product_tag?post=7039"}],"curies":[{"name":"wp","href":"https:\/\/api.w.org\/{rel}","templated":true}]}}