{"id":6766,"date":"2022-12-26T17:39:02","date_gmt":"2022-12-26T16:39:02","guid":{"rendered":"https:\/\/ella-products.be\/index.php\/produit\/recipent-a-couverts-galvanise-gris-olympia-110150mm\/"},"modified":"2023-03-05T22:01:17","modified_gmt":"2023-03-05T21:01:17","slug":"recipent-a-couverts-galvanise-gris-olympia-110150mm","status":"publish","type":"product","link":"https:\/\/ella-products.be\/index.php\/produit\/recipent-a-couverts-galvanise-gris-olympia-110150mm\/","title":{"rendered":"R\u00e9cipent \u00e0 couverts galvanis\u00e9 gris OLYMPIA 110*150mm"},"content":{"rendered":"","protected":false},"excerpt":{"rendered":"","protected":false},"featured_media":9611,"template":"","meta":[],"etheme_brands":[],"product_cat":[153],"product_tag":[],"class_list":["post-6766","product","type-product","status-publish","has-post-thumbnail","hentry","product_cat-materiel-horeca"],"_links":{"self":[{"href":"https:\/\/ella-products.be\/index.php\/wp-json\/wp\/v2\/product\/6766","targetHints":{"allow":["GET"]}}],"collection":[{"href":"https:\/\/ella-products.be\/index.php\/wp-json\/wp\/v2\/product"}],"about":[{"href":"https:\/\/ella-products.be\/index.php\/wp-json\/wp\/v2\/types\/product"}],"version-history":[{"count":1,"href":"https:\/\/ella-products.be\/index.php\/wp-json\/wp\/v2\/product\/6766\/revisions"}],"predecessor-version":[{"id":8992,"href":"https:\/\/ella-products.be\/index.php\/wp-json\/wp\/v2\/product\/6766\/revisions\/8992"}],"wp:featuredmedia":[{"embeddable":true,"href":"https:\/\/ella-products.be\/index.php\/wp-json\/wp\/v2\/media\/9611"}],"wp:attachment":[{"href":"https:\/\/ella-products.be\/index.php\/wp-json\/wp\/v2\/media?parent=6766"}],"wp:term":[{"taxonomy":"brand","embeddable":true,"href":"https:\/\/ella-products.be\/index.php\/wp-json\/wp\/v2\/etheme_brands?post=6766"},{"taxonomy":"product_cat","embeddable":true,"href":"https:\/\/ella-products.be\/index.php\/wp-json\/wp\/v2\/product_cat?post=6766"},{"taxonomy":"product_tag","embeddable":true,"href":"https:\/\/ella-products.be\/index.php\/wp-json\/wp\/v2\/product_tag?post=6766"}],"curies":[{"name":"wp","href":"https:\/\/api.w.org\/{rel}","templated":true}]}}