{"id":6759,"date":"2022-12-26T17:38:59","date_gmt":"2022-12-26T16:38:59","guid":{"rendered":"https:\/\/ella-products.be\/index.php\/produit\/planches-a-decoupes-flexibles-hygiplas\/"},"modified":"2023-03-05T22:06:11","modified_gmt":"2023-03-05T21:06:11","slug":"planches-a-decoupes-flexibles-hygiplas","status":"publish","type":"product","link":"https:\/\/ella-products.be\/index.php\/produit\/planches-a-decoupes-flexibles-hygiplas\/","title":{"rendered":"Planches \u00e0 d\u00e9coupes flexibles HYGIPLAS (lot de 6 pi\u00e8ces)"},"content":{"rendered":"","protected":false},"excerpt":{"rendered":"","protected":false},"featured_media":9614,"template":"","meta":[],"etheme_brands":[],"product_cat":[153],"product_tag":[],"class_list":["post-6759","product","type-product","status-publish","has-post-thumbnail","hentry","product_cat-materiel-horeca"],"_links":{"self":[{"href":"https:\/\/ella-products.be\/index.php\/wp-json\/wp\/v2\/product\/6759","targetHints":{"allow":["GET"]}}],"collection":[{"href":"https:\/\/ella-products.be\/index.php\/wp-json\/wp\/v2\/product"}],"about":[{"href":"https:\/\/ella-products.be\/index.php\/wp-json\/wp\/v2\/types\/product"}],"version-history":[{"count":2,"href":"https:\/\/ella-products.be\/index.php\/wp-json\/wp\/v2\/product\/6759\/revisions"}],"predecessor-version":[{"id":9626,"href":"https:\/\/ella-products.be\/index.php\/wp-json\/wp\/v2\/product\/6759\/revisions\/9626"}],"wp:featuredmedia":[{"embeddable":true,"href":"https:\/\/ella-products.be\/index.php\/wp-json\/wp\/v2\/media\/9614"}],"wp:attachment":[{"href":"https:\/\/ella-products.be\/index.php\/wp-json\/wp\/v2\/media?parent=6759"}],"wp:term":[{"taxonomy":"brand","embeddable":true,"href":"https:\/\/ella-products.be\/index.php\/wp-json\/wp\/v2\/etheme_brands?post=6759"},{"taxonomy":"product_cat","embeddable":true,"href":"https:\/\/ella-products.be\/index.php\/wp-json\/wp\/v2\/product_cat?post=6759"},{"taxonomy":"product_tag","embeddable":true,"href":"https:\/\/ella-products.be\/index.php\/wp-json\/wp\/v2\/product_tag?post=6759"}],"curies":[{"name":"wp","href":"https:\/\/api.w.org\/{rel}","templated":true}]}}